{"id":5,"date":"2013-01-26T17:42:13","date_gmt":"2013-01-26T16:42:13","guid":{"rendered":"http:\/\/www.thomas-seliger.de\/?page_id=5"},"modified":"2018-05-13T11:03:25","modified_gmt":"2018-05-13T10:03:25","slug":"impressum","status":"publish","type":"page","link":"https:\/\/www.thomas-seliger.de\/?page_id=5","title":{"rendered":"Impressum"},"content":{"rendered":"<h2>Angaben gem\u00e4\u00df \u00a7 5 TMG:<\/h2>\n<p>Thomas Seliger<br \/>\nRavensberger Weg 2a<br \/>\n53840 Troisdorf<\/p>\n<p><strong>Kontakt:<\/strong><\/p>\n<table style=\"height: 92px; width: 350px\">\n<tbody>\n<tr>\n<td align=left>Telefon:<\/td>\n<td>+49 (0) 2241 \/ 9 55 82 55<\/td>\n<\/tr>\n<tr>\n<td  align=left>Telefax:<\/td>\n<td>+49 (0) 2241 \/ 14552248<\/td>\n<\/tr>\n<tr>\n<td align=left>E-Mail:<\/td>\n<td>info{a}thomas-seliger.de<\/td>\n<\/tr>\n<\/tbody>\n<\/table>\n<p>&nbsp;<\/p>\n<h2>Quellenangaben:<\/h2>\n<p><strong>(f\u00fcr die verwendeten Texte, Bilder, Grafiken, Animationen)<\/strong><\/p>\n<ul>\n<li>Thomas Seliger<\/li>\n<li><a href=\"http:\/\/www.pixelio.de\">http:\/\/www.pixelio.de<\/a><\/li>\n<li>ggf. weitere Quellen werden gesondert ausgewiesen<\/li>\n<\/ul>\n<p>&nbsp;<\/p>\n<h2>Haftungsausschluss:<\/h2>\n<p><strong>Haftung f\u00fcr Inhalte<\/strong><\/p>\n<p>Die Inhalte unserer Seiten wurden mit gr\u00f6\u00dfter Sorgfalt erstellt. F\u00fcr die Richtigkeit, Vollst\u00e4ndigkeit und Aktualit\u00e4t der Inhalte k\u00f6nnen wir jedoch keine Gew\u00e4hr \u00fcbernehmen. Als Diensteanbieter sind wir gem\u00e4\u00df \u00a7 7 Abs.1 TMG f\u00fcr eigene Inhalte auf diesen Seiten nach den allgemeinen Gesetzen verantwortlich. Nach \u00a7\u00a7 8 bis 10 TMG sind wir als Diensteanbieter jedoch nicht verpflichtet, \u00fcbermittelte oder gespeicherte fremde Informationen zu \u00fcberwachen oder nach Umst\u00e4nden zu forschen, die auf eine rechtswidrige T\u00e4tigkeit hinweisen. Verpflichtungen zur Entfernung oder Sperrung der Nutzung von Informationen nach den allgemeinen Gesetzen bleiben hiervon unber\u00fchrt. Eine diesbez\u00fcgliche Haftung ist jedoch erst ab dem Zeitpunkt der Kenntnis einer konkreten Rechtsverletzung m\u00f6glich. Bei Bekanntwerden von entsprechenden Rechtsverletzungen werden wir diese Inhalte umgehend entfernen.<\/p>\n<p><strong>Haftung f\u00fcr Links<\/strong><\/p>\n<p>Unser Angebot enth\u00e4lt Links zu externen Webseiten Dritter, auf deren Inhalte wir keinen Einfluss haben. Deshalb k\u00f6nnen wir f\u00fcr diese fremden Inhalte auch keine Gew\u00e4hr \u00fcbernehmen. F\u00fcr die Inhalte der verlinkten Seiten ist stets der jeweilige Anbieter oder Betreiber der Seiten verantwortlich. Die verlinkten Seiten wurden zum Zeitpunkt der Verlinkung auf m\u00f6gliche Rechtsverst\u00f6\u00dfe \u00fcberpr\u00fcft. Rechtswidrige Inhalte waren zum Zeitpunkt der Verlinkung nicht erkennbar. Eine permanente inhaltliche Kontrolle der verlinkten Seiten ist jedoch ohne konkrete Anhaltspunkte einer Rechtsverletzung nicht zumutbar. Bei Bekanntwerden von Rechtsverletzungen werden wir derartige Links umgehend entfernen.<\/p>\n<p><strong>Urheberrecht<\/strong><\/p>\n<p>Die durch die Seitenbetreiber erstellten Inhalte und Werke auf diesen Seiten unterliegen dem deutschen Urheberrecht. Die Vervielf\u00e4ltigung, Bearbeitung, Verbreitung und jede Art der Verwertung au\u00dferhalb der Grenzen des Urheberrechtes bed\u00fcrfen der schriftlichen Zustimmung des jeweiligen Autors bzw. Erstellers. Elemente d\u00fcrfen weder f\u00fcr private noch f\u00fcr gesch\u00e4ftliche Zwecke verwendet, kopiert oder ver\u00e4ndert werden. Ausnahmen von dieser Grundregel sind ausdr\u00fccklich durch den Hinweis \u201cDownload\u201d gekennzeichnet und sind mit der entsprechenden Download-Funktionalit\u00e4t hinterlegt. Soweit die Inhalte auf dieser Seite nicht vom Betreiber erstellt wurden, werden die Urheberrechte Dritter beachtet. Insbesondere werden Inhalte Dritter als solche gekennzeichnet. Alle in der&nbsp;Webseite verwendeten Handelsmarken oder Markenzeichen sind Eigentum der jeweiligen Rechte-Inhaber. Sollten Sie trotzdem auf eine Urheberrechtsverletzung aufmerksam werden, bitten wir um einen entsprechenden Hinweis. Bei Bekanntwerden von Rechtsverletzungen werden wir derartige Inhalte umgehend entfernen.<\/p>\n<p>Der Nutzung von im Rahmen der Impressumspflicht ver\u00f6ffentlichten Kontaktdaten durch Dritte zur \u00dcbersendung von nicht ausdr\u00fccklich angeforderter Werbung und Informationsmaterialien wird hiermit ausdr\u00fccklich widersprochen. Die Betreiber der Seiten behalten sich ausdr\u00fccklich rechtliche Schritte im Falle der unverlangten Zusendung von Werbeinformationen, etwa durch Spam-Mails, vor.<\/p>\n<p>Quelle: <i>Impressumgenerator <a href=\"http:\/\/www.e-recht24.de\">von e-Recht24.de<\/a><\/i><\/p>\n<p><i>Quellverweis: <a href=\"http:\/\/www.e-recht24.de\/muster-disclaimer.htm\" target=\"_blank\" rel=\"noopener\">eRecht24 Disclaimer<\/a><\/i><\/p>\n","protected":false},"excerpt":{"rendered":"<p>Angaben gem\u00e4\u00df \u00a7 5 TMG: Thomas Seliger Ravensberger Weg 2a 53840 Troisdorf Kontakt: Telefon: +49 (0) 2241 \/ 9 55 82 55 Telefax: +49 (0) 2241 \/ 14552248 E-Mail: info{a}thomas-seliger.de &nbsp; Quellenangaben: (f\u00fcr die verwendeten Texte, Bilder, Grafiken, Animationen) Thomas Seliger http:\/\/www.pixelio.de ggf. weitere Quellen werden gesondert ausgewiesen &nbsp; Haftungsausschluss: &#8230;<\/p>\n","protected":false},"author":2,"featured_media":0,"parent":0,"menu_order":99,"comment_status":"closed","ping_status":"closed","template":"","meta":{"ngg_post_thumbnail":0,"footnotes":""},"class_list":["post-5","page","type-page","status-publish","hentry","column","threecol"],"_links":{"self":[{"href":"https:\/\/www.thomas-seliger.de\/index.php?rest_route=\/wp\/v2\/pages\/5","targetHints":{"allow":["GET"]}}],"collection":[{"href":"https:\/\/www.thomas-seliger.de\/index.php?rest_route=\/wp\/v2\/pages"}],"about":[{"href":"https:\/\/www.thomas-seliger.de\/index.php?rest_route=\/wp\/v2\/types\/page"}],"author":[{"embeddable":true,"href":"https:\/\/www.thomas-seliger.de\/index.php?rest_route=\/wp\/v2\/users\/2"}],"replies":[{"embeddable":true,"href":"https:\/\/www.thomas-seliger.de\/index.php?rest_route=%2Fwp%2Fv2%2Fcomments&post=5"}],"version-history":[{"count":15,"href":"https:\/\/www.thomas-seliger.de\/index.php?rest_route=\/wp\/v2\/pages\/5\/revisions"}],"predecessor-version":[{"id":1998,"href":"https:\/\/www.thomas-seliger.de\/index.php?rest_route=\/wp\/v2\/pages\/5\/revisions\/1998"}],"wp:attachment":[{"href":"https:\/\/www.thomas-seliger.de\/index.php?rest_route=%2Fwp%2Fv2%2Fmedia&parent=5"}],"curies":[{"name":"wp","href":"https:\/\/api.w.org\/{rel}","templated":true}]}}