{"id":260,"date":"2013-02-07T22:43:56","date_gmt":"2013-02-07T21:43:56","guid":{"rendered":"http:\/\/www.thomas-seliger.de\/?page_id=260"},"modified":"2018-08-12T16:58:36","modified_gmt":"2018-08-12T15:58:36","slug":"reisen","status":"publish","type":"page","link":"https:\/\/www.thomas-seliger.de\/?page_id=260","title":{"rendered":"Reisen"},"content":{"rendered":"\n<p class=\"has-regular-font-size\"><strong>aktueller Hinweis:<\/strong><\/p>\n\n\n\n<p class=\"has-background has-luminous-vivid-amber-background-color\">Zur Anleitung &#8222;Bilderaustausch Israel&#8220; geht es <a href=\"https:\/\/www.thomas-seliger.de\/?page_id=2045\">hier<\/a>!<\/p>\n\n\n\n<p><\/p>\n\n\n<p>Baustelle<\/p>\n<p><em>Noreen Seidel &amp; Thomas Seliger on Tour<\/em><\/p>\n<ul>\n<li>T\u00fcrkei (2005)<\/li>\n<li>Mecklenburg-Vorpommern, Ostsee, Nordsee (2006, 2007, 2008, 2010, 2011, 2013)<\/li>\n<li>Ausfl\u00fcge (1999 &#8211; 2013)<\/li>\n<li>\u00c4gypten (2009)<\/li>\n<li>Oslo (2012)<\/li>\n<li><span style=\"color: #c0c0c0;\"><del><span style=\"color: #c0c0c0;\">in Planung:<\/span><\/del> <\/span>&nbsp;&nbsp;\u2020<\/li>\n<\/ul>\n<p>Thomas Seliger on Tour<\/p>\n<ul>\n<li>Paris (2011)<\/li>\n<li>in Planung:\n<ul>\n<li>Namibia<\/li>\n<li>Norwegen im Winter<\/li>\n<\/ul>\n<\/li>\n<\/ul>","protected":false},"excerpt":{"rendered":"<p>aktueller Hinweis: Zur Anleitung &#8222;Bilderaustausch Israel&#8220; geht es hier! Baustelle Noreen Seidel &amp; Thomas Seliger on Tour T\u00fcrkei (2005) Mecklenburg-Vorpommern, Ostsee, Nordsee (2006, 2007, 2008, 2010, 2011, 2013) Ausfl\u00fcge (1999 &#8211; 2013) \u00c4gypten (2009) Oslo (2012) in Planung: &nbsp;&nbsp;\u2020 Thomas Seliger on Tour Paris (2011) in Planung: Namibia Norwegen im &#8230;<\/p>\n","protected":false},"author":2,"featured_media":0,"parent":0,"menu_order":0,"comment_status":"closed","ping_status":"open","template":"","meta":{"ngg_post_thumbnail":0,"footnotes":""},"class_list":["post-260","page","type-page","status-publish","hentry","column","threecol"],"_links":{"self":[{"href":"https:\/\/www.thomas-seliger.de\/index.php?rest_route=\/wp\/v2\/pages\/260","targetHints":{"allow":["GET"]}}],"collection":[{"href":"https:\/\/www.thomas-seliger.de\/index.php?rest_route=\/wp\/v2\/pages"}],"about":[{"href":"https:\/\/www.thomas-seliger.de\/index.php?rest_route=\/wp\/v2\/types\/page"}],"author":[{"embeddable":true,"href":"https:\/\/www.thomas-seliger.de\/index.php?rest_route=\/wp\/v2\/users\/2"}],"replies":[{"embeddable":true,"href":"https:\/\/www.thomas-seliger.de\/index.php?rest_route=%2Fwp%2Fv2%2Fcomments&post=260"}],"version-history":[{"count":13,"href":"https:\/\/www.thomas-seliger.de\/index.php?rest_route=\/wp\/v2\/pages\/260\/revisions"}],"predecessor-version":[{"id":2055,"href":"https:\/\/www.thomas-seliger.de\/index.php?rest_route=\/wp\/v2\/pages\/260\/revisions\/2055"}],"wp:attachment":[{"href":"https:\/\/www.thomas-seliger.de\/index.php?rest_route=%2Fwp%2Fv2%2Fmedia&parent=260"}],"curies":[{"name":"wp","href":"https:\/\/api.w.org\/{rel}","templated":true}]}}