{"id":2045,"date":"2018-08-12T16:53:29","date_gmt":"2018-08-12T15:53:29","guid":{"rendered":"http:\/\/www.thomas-seliger.de\/?page_id=2045"},"modified":"2018-08-13T08:31:45","modified_gmt":"2018-08-13T07:31:45","slug":"projekt-bilderaustausch","status":"publish","type":"page","link":"https:\/\/www.thomas-seliger.de\/?page_id=2045","title":{"rendered":"Projekt &#8222;Bilderaustausch Israelreise&#8220;"},"content":{"rendered":"\n<p style=\"font-size:12px\">(Stand 13. August 2018)<\/p>\n\n\n\n<p>F\u00fcr eine schnellen und einfachen Bilderaustausch habe ich folgende Vorgehensweise entwickelt. Wenn es Probleme oder Fragen gibt, bitte kurz Kontakt mit mir aufnehmen: <a href=\"mailto:%20seliger@web.de\">seliger@web.de<\/a><\/p>\n\n\n\n<h2 class=\"wp-block-heading\">1. Fotoauswahl<\/h2>\n\n\n\n<p>Alle Bilder, die man w\u00e4hrend der Reise gemacht hat, zu \u00fcbertragen, ist wenig hilfreich! Man bedenke, wie es einem geht, wenn man 1.000 Bilder bei einer Diaschau schauen muss. Und das Ganze gleich 30 Mal. <br\/><\/p>\n\n\n\n<p style=\"text-align:center\" class=\"has-background has-very-light-gray-background-color\">Eine alte Fotografenregel sagt, dass man nur die Bilder aussuchen sollte, die entweder ein <em>packendes, sehr tolles Motiv<\/em> haben oder auf denen <em>Mitreisende<\/em> abgebildet sind und der Betrachter so einen pers\u00f6nlichen Bezug zu den Bildern hat.\u00a0 <br\/><\/p>\n\n\n\n<p class=\"has-regular-font-size\">W\u00e4hlt man dann rund 25 Bilder pro Reisetag aus, kommen so rund maximal 300 Bilder zusammen. Aber: Wenn es statt 25 nur 5 gute Bilder sind, dann bitte keine 25 \u00fcbertragen, sondern nur die 5! Nichts schlimmer, als wenn man neben den 5 guten auch noch 20 mittelm\u00e4\u00dfige gucken muss. \ud83d\ude09<\/p>\n\n\n\n<p>Wer m\u00f6chte, kann die Bilder auch bereits selbst verkleinern. Technisch gesprochen: Ein Bild, welches rund 1800 Pxiel auf der langen Seite hat, kann problemfrei auf ein Papierbild von 10x15cm bei 300DPI ausbelichtet werden. Netter Nebeneffekt: aus bspw. 25 MB Originalfoto werden so nur noch rund 700 KB. <br\/><\/p>\n\n\n\n<p>Falls Euch das zu kompliziert ist, \u00fcbernehme ich gern die Formatierung.<\/p>\n\n\n\n<h2 class=\"wp-block-heading\">2. Bilder hochladen<\/h2>\n\n\n\n<p>Ein einfacher Weg Bilder zu senden, ist der Dienst <a href=\"https:\/\/www.wetransfer.com\" target=\"_blank\">www.wetransfer.com<\/a> .<\/p>\n\n\n\n<p>Man gibt einfach seine Email, die Empf\u00e4ngeremail und eine Notiz an und l\u00e4dt dann die Bilder hoch. Dem Empf\u00e4nger stehen die Fotos dann 7 Tage zum Download zur Verf\u00fcgung und werden danach durch den Dienst wieder gel\u00f6scht. <\/p>\n\n\n\n<p style=\"background-color:#efdba8;text-align:center\" class=\"has-background\"><strong>Wichtig:<\/strong> Bitte keine sensiblen Bilder hochladen, die Bilder liegen f\u00fcr 7 Tagen vermutlich auf ausl\u00e4ndischen Servern!\u00a0 <\/p>\n\n\n\n<p>Nachdem Ihr die Fotos hochgeladen habt, bekomme ich einen Link zu den Fotos per Email, lade diese dann herunter und schicke Euch eine kurze Best\u00e4tigungsemail, dass alles angekommen ist. <\/p>\n\n\n\n<p>Und so gehts: <\/p>\n\n\n\n<ol class=\"wp-block-list\"><li>Webseite <strong><a href=\"https:\/\/www.wetransfer.com\" target=\"_blank\" rel=\"noreferrer noopener\">www.wetransfer.com<\/a><\/strong> anw\u00e4hlen<br\/><\/li><li><strong>Email an<\/strong>: Meine Emailadresse seliger@web.de<\/li><li><strong>Email von<\/strong>: Deine Emailadresse deine@email.de<\/li><li><strong>Notiz:<\/strong> &#8222;Bilder von Klaus&#8220;<\/li><li><strong>Dateien hinzuf\u00fcgen<\/strong> (blauer Kreis mit wei\u00dfem Plus)<\/li><li><strong>Senden<\/strong> (Button)<\/li><\/ol>\n\n\n<div class=\"wp-block-image\">\n<figure class=\"aligncenter is-resized\"><img loading=\"lazy\" decoding=\"async\" src=\"https:\/\/www.thomas-seliger.de\/wp-content\/uploads\/2018\/08\/wetranfer_2.jpg\" alt=\"\" class=\"wp-image-2048\" width=\"315\" height=\"457\" srcset=\"https:\/\/www.thomas-seliger.de\/wp-content\/uploads\/2018\/08\/wetranfer_2.jpg 292w, https:\/\/www.thomas-seliger.de\/wp-content\/uploads\/2018\/08\/wetranfer_2-207x300.jpg 207w\" sizes=\"auto, (max-width: 315px) 100vw, 315px\" \/><figcaption>EIngabedialog wetransfer.com<\/figcaption><\/figure><\/div>\n\n\n<h2 class=\"wp-block-heading\">3. Bildersammlung erstellen<\/h2>\n\n\n\n<p>Nachdem ich die Bilder erhalten habe, formatiere ich diese ggf. auf das obige Format und erstelle pro Einsender ein Verzeichnis mit den Bildern. Danach lade ich diese zu einem Onlinespeicher hoch. <\/p>\n\n\n\n<h2 class=\"wp-block-heading\">4. Bildersammlung betrachten und Bilder herunterladen<\/h2>\n\n\n\n<p>Der Zugriff auf alle Bilder in der MagentaCLOUD der Deutschen Telekom AG ist denkbar einfach.<\/p>\n\n\n\n<p>\u00dcber den Link <a href=\"https:\/\/www.magentacloud.de\/share\/tmgbkun6pu\" target=\"_blank\">https:\/\/www.magentacloud.de\/share\/tmgbkun6pu<\/a> meldet man sich bei unserer Bildersammlung an. <\/p>\n\n\n\n<p>Das Passwort hierzu findet Ihr in meiner Email oder erfragt es ggf. nochmals bei mir (<a href=\"mailto:%20seliger@web.de\">seliger@web.de<\/a>).<\/p>\n\n\n\n<p>In der MagentaCLOUD stehen Euch dann eine Diashow und das Herunterladen zur Verf\u00fcgung. Ich empfehle, die Bilder nach M\u00f6glichkeit erst herunterzuladen und dann auf dem heimischen PC in Ruhe anzuschauen, denn ich m\u00f6chte dann irgendwann einmal den Speicherplatz wieder freigeben (Jenachdem wieviele Bilder es so werden rund ein halbes Jahr). <\/p>\n\n\n\n<p>Hier noch ein paar Tipps zur Bedienung:<\/p>\n\n\n\n<ul class=\"wp-block-list\"><li>Durch Anklicken des Fotos startet man die Diashow.<\/li><li>Es gibt die M\u00f6glichkeit, einzelne Dateien auszuw\u00e4hlen und herunterzuladen. Dazu einfach erst den &#8222;Ausw\u00e4hlen&#8220;-Button w\u00e4hlen, dann ausw\u00e4hlen und zum Schluss die Schaltfl\u00e4che &#8222;Herunterladen&#8220; bet\u00e4tigen.<\/li><li>Alternativ kann mit der Schaltfl\u00e4che &#8222;Alle Dateien herunterladen&#8220; alle Fotos auf einmal heruntergeladen werden.<\/li><li>Die heruntergeladenen Bilder liegen dann im Download-Ordner des Webbrowsers als ZIP-File.<\/li><li>Befindet man sich nicht im jeweiligen Bilderordner, sondern in der \u00fcbergeordneten Hierarchie, k\u00f6nnen auch dort ganze Verzeichnisse auf einmal heruntergeladen werden. <\/li><li>Will man gleiche alle Fotos herunterladen (Achtung: Es ensteht eine sehr gro\u00dfe ZIP-Datei!), kann man dies mit dem obersten Ordner Bildersammlung tun.<\/li><\/ul>\n\n\n<div class=\"wp-block-image\">\n<figure class=\"aligncenter\"><img loading=\"lazy\" decoding=\"async\" width=\"949\" height=\"535\" src=\"https:\/\/www.thomas-seliger.de\/wp-content\/uploads\/2018\/08\/MagentaCloud.jpg\" alt=\"\" class=\"wp-image-2050\" srcset=\"https:\/\/www.thomas-seliger.de\/wp-content\/uploads\/2018\/08\/MagentaCloud.jpg 949w, https:\/\/www.thomas-seliger.de\/wp-content\/uploads\/2018\/08\/MagentaCloud-300x169.jpg 300w, https:\/\/www.thomas-seliger.de\/wp-content\/uploads\/2018\/08\/MagentaCloud-768x433.jpg 768w, https:\/\/www.thomas-seliger.de\/wp-content\/uploads\/2018\/08\/MagentaCloud-700x395.jpg 700w\" sizes=\"auto, (max-width: 949px) 100vw, 949px\" \/><figcaption>Bilder in der MagentaCLOUD<\/figcaption><\/figure><\/div>\n\n\n<div style=\"height:100px\" aria-hidden=\"true\" class=\"wp-block-spacer\"><\/div>\n\n\n\n<p style=\"text-align:center\">Viel Spa\u00df beim Bilderschauen! Falls jemand gar nicht klar kommt, bitte melden!<\/p>\n","protected":false},"excerpt":{"rendered":"<p>(Stand 13. August 2018) F\u00fcr eine schnellen und einfachen Bilderaustausch habe ich folgende Vorgehensweise entwickelt. Wenn es Probleme oder Fragen gibt, bitte kurz Kontakt mit mir aufnehmen: seliger@web.de 1. Fotoauswahl Alle Bilder, die man w\u00e4hrend der Reise gemacht hat, zu \u00fcbertragen, ist wenig hilfreich! Man bedenke, wie es einem geht, &#8230;<\/p>\n","protected":false},"author":1,"featured_media":2059,"parent":0,"menu_order":0,"comment_status":"closed","ping_status":"closed","template":"","meta":{"ngg_post_thumbnail":0,"footnotes":""},"class_list":["post-2045","page","type-page","status-publish","has-post-thumbnail","hentry","column","threecol","has-thumbnail"],"_links":{"self":[{"href":"https:\/\/www.thomas-seliger.de\/index.php?rest_route=\/wp\/v2\/pages\/2045","targetHints":{"allow":["GET"]}}],"collection":[{"href":"https:\/\/www.thomas-seliger.de\/index.php?rest_route=\/wp\/v2\/pages"}],"about":[{"href":"https:\/\/www.thomas-seliger.de\/index.php?rest_route=\/wp\/v2\/types\/page"}],"author":[{"embeddable":true,"href":"https:\/\/www.thomas-seliger.de\/index.php?rest_route=\/wp\/v2\/users\/1"}],"replies":[{"embeddable":true,"href":"https:\/\/www.thomas-seliger.de\/index.php?rest_route=%2Fwp%2Fv2%2Fcomments&post=2045"}],"version-history":[{"count":19,"href":"https:\/\/www.thomas-seliger.de\/index.php?rest_route=\/wp\/v2\/pages\/2045\/revisions"}],"predecessor-version":[{"id":2075,"href":"https:\/\/www.thomas-seliger.de\/index.php?rest_route=\/wp\/v2\/pages\/2045\/revisions\/2075"}],"wp:featuredmedia":[{"embeddable":true,"href":"https:\/\/www.thomas-seliger.de\/index.php?rest_route=\/wp\/v2\/media\/2059"}],"wp:attachment":[{"href":"https:\/\/www.thomas-seliger.de\/index.php?rest_route=%2Fwp%2Fv2%2Fmedia&parent=2045"}],"curies":[{"name":"wp","href":"https:\/\/api.w.org\/{rel}","templated":true}]}}