{"id":2026,"date":"2018-07-21T18:02:38","date_gmt":"2018-07-21T17:02:38","guid":{"rendered":"http:\/\/www.thomas-seliger.de\/?page_id=2026"},"modified":"2018-07-21T18:02:38","modified_gmt":"2018-07-21T17:02:38","slug":"projekt-fotoausruestung","status":"publish","type":"page","link":"https:\/\/www.thomas-seliger.de\/?page_id=2026","title":{"rendered":"Projekt Fotoausr\u00fcstung"},"content":{"rendered":"<blockquote><p><span style=\"text-decoration: underline;\">Neuer Kamerabody &#8211; neue Projekte &#8230; (Jaja, ich habs ja vorher gewusst!)<\/span><\/p><\/blockquote>\n<h3><del>&#8222;leistungsf\u00e4higeres Fotolabor&#8220; (Neue Grafikworkstation)<\/del>&nbsp;&nbsp;&nbsp;&nbsp;&nbsp; <span style=\"color: #99cc00;\">erledigt<\/span><\/h3>\n<p>Was macht man, wenn der aktuelle Rechner zum Entwickeln von 15 Bildern mehr als eine halbe Stunde braucht? Einen neuen Rechner beschaffen. Da ich schon immer wieder gern einmal einen Rechner selbst zusammenbauen wollte, habe ich&nbsp;den <a href=\"http:\/\/www.heise.de\/artikel-archiv\/ct\/2012\/26\/140_Wuensch-Dir-was-Flexibles\" target=\"_blank\" rel=\"noopener\">Heise-Bauvorschlag<\/a>&nbsp;umgesetzt. Mit einer kleinen Ausnahme (Lieferung defekte Grafikkarte) ging alles glatt.<\/p>\n<p>Nun l\u00e4uft die selbstgebaute Workstation stabil mit dem Ergebnis: Das digitale Entwickeln, also das&nbsp;Erzeugen von digitalen Abz\u00fcgen (JPEG, TIFF, u.\u00e4.) aus sogn. RAW-Bildern (bspw. Dateien mit der Endung NEF oder CR2) und&nbsp;den gew\u00fcnschten Korrekturen ben\u00f6tigt bei 15 Bildern statt \u00fcber einer halben Stunde&nbsp;nur noch knapp eine Minute!<\/p>\n<h3><del>&#8222;gr\u00f6\u00dferes Bilderarchiv&#8220; (Home-NAS)<\/del>&nbsp;&nbsp;&nbsp; &nbsp; <span style=\"color: #99cc00;\">erledigt<\/span><\/h3>\n<p>Tja, trotz sofortigen Aussortieren von technisch schlechten Bildern wirds jetzt schneller voll (pro Bild ca. 25-30MB). Die Festplatte im PC ist fast voll, das Backup der Daten ist m\u00fchsam und eigentlich muss der PC dazu an sein, um an die Daten zu kommen.<\/p>\n<p>&#8230;<\/p>\n<p>Nun ist es in der Tat, im wahrsten Sinne des Wortes, ein &#8222;Massenspeicher&#8220; geworden (<a href=\"http:\/\/www.synology.com\/de-de\/products\/overview\/DS214+\" target=\"_blank\" rel=\"noopener\">Synology DS-214+<\/a>).<\/p>\n<p>Bei einem NAS (<span style=\"text-decoration: underline;\">N<\/span>etwork <span style=\"color: #808000;\">A<\/span>ttached <span style=\"color: #808000;\">S<\/span>torage) handelt es sich um einen kleinen Server, der f\u00fcr den Laien wie eine externe Festplatte aussieht, ebenso mit Festplatten ausger\u00fcstet ist, aber als ein Netzwerkger\u00e4t betrieben wird. Auf ihm werden zentral Daten des heimischen Netzwerks gespeichert, also Dokumente, Daten, Musik, Videos und vorallem Fotos! Es ist praktisch ein kleiner Server f\u00fcr all die Ger\u00e4te in der Wohnung &#8230; Fernseher, Stereoanlage, Workstation, Notebook, Smartphone, &#8230;<\/p>\n<p>F\u00fcr mich prim\u00e4r wichtig ist, dass zumindest wichtige, unwiderbringliche Daten, wie bspw. meine Fotos vor Verlust gesichert sind. Verlustszenarien sind bspw. Hard- und Softwaresch\u00e4den, Diebstahl, Feuer oder gar die eigene Schusseligkeit. Ebenso wird ein zentraler Backupspeicher gebraucht, um die Workstation, Notebook und Smartphone zu sichern.<\/p>\n<p>Und so ganz nebenbei ist es nat\u00fcrlich praktisch, einige Daten Dank Internet praktisch immer verf\u00fcgbar zu haben.<\/p>\n<p><em>Das <a href=\"http:\/\/www.synology.com\/de-de\/products\/overview\/DS214+\" target=\"_blank\" rel=\"noopener\">Synology DS214+<\/a> ist ein sogn. 2-Bay-NAS, welches zwei Festplatten beherbergt. Zum Einsatz kommen Festplatten mit jeweils einer Kapazit\u00e4t von 4 TB&nbsp;von Western Digital aus der Serie &#8222;Red&#8220;, die besonders f\u00fcr den Einsatz in NAS geeignet sind. Beide Platten werden im Raid1 Modus parallel beschrieben, d.h. sollte einmal eine Festplatte kaputt gehen, so sind alle Daten nochmals auf der anderen Platte vorhanden &#8211; theoretisch, doch das l\u00e4\u00dft sich jetzt hier nicht einfach erkl\u00e4ren. <\/em><br \/>\n<em>Wichtige Daten werden zus\u00e4tzlich noch an einem \u00f6rtlich (ca. 700km entfernt \ud83d\ude42 getrennten Ort regelm\u00e4\u00dfig automatisch gesichert (Brand, Diebstahl).<\/em><br \/>\n<em>Als Gesamtnettokapazit\u00e4t stehen nun ca. 3,58 TB zur Verf\u00fcgung. Theoretisch Platz f\u00fcr 140.000 Fotos oder 800 DVD&#8217;s. Aber eben wieder &#8222;theoretisch&#8220; (s.o.).<\/em><\/p>\n<p>&nbsp;<\/p>\n<h3>&#8222;FX-Format&#8220; (Erweiterung Objektive)&nbsp;&nbsp;&nbsp;&nbsp;&nbsp; <span style=\"color: #ff9900;\">in Arbeit<\/span><\/h3>\n<p>Was n\u00fctzt einem eine Vollformatkamera, wenn die bisherigen Objekte daf\u00fcr nicht prim\u00e4r gerechnet worden sind? Bildfehler, Einschr\u00e4nkungen, geringe Aufl\u00f6sung &#8230;<\/p>\n<p>Meine Idee ist, hier nicht mehr Kompromisse zu machen, weil man die despektierlich genannten &#8222;Scherben&#8220; weitaus l\u00e4nger besitzt, wie Kamerabodies und daher \u00fcber die Jahre hin immer wieder einmal die Sammlung erweitert.<\/p>\n<p>Bei diesen Herstellern k\u00f6nnte man f\u00fcndig werden:<\/p>\n<ul>\n<li><a href=\"http:\/\/www.nikon.de\/de_DE\/products\/product_summary_list.page?sParamValueLbl=NIKKOR-Objektive&amp;sParam1ValueLbl=AF-Objektive&amp;sSubnav2ParamLbl=Kleinbild-\/FX-Objektive&amp;ParamValue=NIKKOR+Lenses&amp;Subnav1Param=Auto+Focus+Lenses&amp;Subnav2Param=FX&amp;Subnav3Param=0&amp;RunQuery=0&amp;ID=0\" target=\"_blank\" rel=\"noopener\">Nikkore<\/a><\/li>\n<li><a href=\"http:\/\/www.tamron.eu\/de\/objektive.html\" target=\"_blank\" rel=\"noopener\">Tamron<\/a><\/li>\n<li><a href=\"http:\/\/www.sigma-foto.de\/produkte\/objektive.html\" target=\"_blank\" rel=\"noopener\">Sigma<\/a><\/li>\n<\/ul>\n<h4><span style=\"color: #99cc00;\"><strong>Neu<\/strong><\/span><\/h4>\n<ul>\n<li><a title=\"Nikkor 70-200mm\/2,8\" href=\"http:\/\/www.nikon.de\/de_DE\/product\/nikkor-lenses\/auto-focus-lenses\/fx\/zoom\/af-s-nikkor-70-200mm-f-2-8g-ed-vr-%E2%85%B1\" target=\"_blank\" rel=\"noopener\">AF-S NIKKOR 70\u2013200 mm 1:2,8G ED VR II<\/a><\/li>\n<\/ul>\n<p style=\"padding-left: 60px;\">Vielleicht einfach mal ab und an auf dieser Webseite unter Aktuelles nachschauen. <a title=\"Zoom Erlebniswelt Gelsenkirchen\" href=\"https:\/\/www.thomas-seliger.de\/?p=494\" target=\"_blank\" rel=\"noopener\">Die Bilder aus dem ZOOM<\/a> sind bereits mit diesem Teleobjektiv geschossen worden.<\/p>\n<p style=\"padding-left: 60px;\">Im Moment fallen mir nur die Attribute &#8222;knackscharf&#8220;, &#8222;pfeilschnell&#8220; und &#8222;reichlich schwer&#8220; ein.<\/p>\n<ul>\n<li><a title=\"Nikkor Macro 105mm\/2,8\" href=\"http:\/\/www.nikon.de\/de_DE\/product\/nikkor-lenses\/auto-focus-lenses\/fx\/single-focal-length\/af-s-vr-micro-nikkor-105mm-f-2-8g-if-ed\" target=\"_blank\" rel=\"noopener\">AF-S VR Micro-Nikkor 105 mm 1:2,8G IF-ED<\/a><\/li>\n<\/ul>\n<p style=\"padding-left: 60px;\">Nun, ein feines und robustes Makro. Vielleicht fehlt ihm in den Ecken etwas die Sch\u00e4rfe, aber letztlich ein Standard im Makrobereich mit momentan noch ausreichend &#8222;Fluchtdistanz&#8220; zu lebenden Objekten.<\/p>\n<ul>\n<li><a href=\"http:\/\/www.nikon.de\/de_DE\/product\/nikkor-lenses\/auto-focus-lenses\/fx\/zoom\/af-s-nikkor-16-35mm-f-4g-ed-vr\" target=\"_blank\" rel=\"noopener\">AF-S NIKKOR 16\u201335 mm 1:4G ED VR<\/a><\/li>\n<\/ul>\n<p style=\"padding-left: 60px;\">Auch ein sehr feines Objektiv. Die Nikon Alternative mit offener Blende 2:8 (14-24mm) gefiel mir zwar gut, aber das ungew\u00f6hnliche Frontglas empfand ich im Filteralltag als schwierig. Da ich im Weitwinkelbetrieb eher weniger geringe Sch\u00e4rfentiefe brauche, fand ich die offene Blende 4 in Verbindung mit VR besser. Na, und halb so teuer war es auch noch&#8230; \ud83d\ude09<\/p>\n<h4><strong><span style=\"color: #ff9900;\"><span style=\"color: #000000;\">In Planung<\/span> <\/span><\/strong><\/h4>\n<p>Man muss ja noch Ziele haben:<\/p>\n<ul>\n<li>Immerdrauf 24-70\/2,8\n<ul>\n<li><a href=\"https:\/\/www.sigma-foto.de\/objektive\/24-105mm-f4-dg-os-hsm\/uebersicht\/\" target=\"_blank\" rel=\"noopener\">Sigma Art 24-105mm F4 DG OS HSM<\/a><\/li>\n<\/ul>\n<\/li>\n<li>Telekonverter\n<ul>\n<li><a href=\"https:\/\/www.sigma-foto.de\/objektive\/tc-2001\/uebersicht\/\" target=\"_blank\" rel=\"noopener\">Sigma TC-2001<\/a><\/li>\n<li>Nikon&nbsp;&nbsp;TC 20E &#8230;<\/li>\n<\/ul>\n<\/li>\n<li>&#8230;\n<ul>\n<li>vielleicht ein Body f\u00fcr Hochleistungsaufnahmen\/Action wie die <a href=\"http:\/\/www.nikon.de\/de_DE\/product\/digital-cameras\/slr\/professional\/d500\" target=\"_blank\" rel=\"noopener\">Nikon D500<\/a><\/li>\n<li>&#8230;<\/li>\n<\/ul>\n<\/li>\n<\/ul>\n<p>&nbsp;<\/p>\n","protected":false},"excerpt":{"rendered":"<p>Neuer Kamerabody &#8211; neue Projekte &#8230; (Jaja, ich habs ja vorher gewusst!) &#8222;leistungsf\u00e4higeres Fotolabor&#8220; (Neue Grafikworkstation)&nbsp;&nbsp;&nbsp;&nbsp;&nbsp; erledigt Was macht man, wenn der aktuelle Rechner zum Entwickeln von 15 Bildern mehr als eine halbe Stunde braucht? Einen neuen Rechner beschaffen. Da ich schon immer wieder gern einmal einen Rechner selbst zusammenbauen &#8230;<\/p>\n","protected":false},"author":1,"featured_media":0,"parent":159,"menu_order":0,"comment_status":"closed","ping_status":"closed","template":"","meta":{"ngg_post_thumbnail":0,"footnotes":""},"class_list":["post-2026","page","type-page","status-publish","hentry","column","threecol"],"_links":{"self":[{"href":"https:\/\/www.thomas-seliger.de\/index.php?rest_route=\/wp\/v2\/pages\/2026","targetHints":{"allow":["GET"]}}],"collection":[{"href":"https:\/\/www.thomas-seliger.de\/index.php?rest_route=\/wp\/v2\/pages"}],"about":[{"href":"https:\/\/www.thomas-seliger.de\/index.php?rest_route=\/wp\/v2\/types\/page"}],"author":[{"embeddable":true,"href":"https:\/\/www.thomas-seliger.de\/index.php?rest_route=\/wp\/v2\/users\/1"}],"replies":[{"embeddable":true,"href":"https:\/\/www.thomas-seliger.de\/index.php?rest_route=%2Fwp%2Fv2%2Fcomments&post=2026"}],"version-history":[{"count":1,"href":"https:\/\/www.thomas-seliger.de\/index.php?rest_route=\/wp\/v2\/pages\/2026\/revisions"}],"predecessor-version":[{"id":2027,"href":"https:\/\/www.thomas-seliger.de\/index.php?rest_route=\/wp\/v2\/pages\/2026\/revisions\/2027"}],"up":[{"embeddable":true,"href":"https:\/\/www.thomas-seliger.de\/index.php?rest_route=\/wp\/v2\/pages\/159"}],"wp:attachment":[{"href":"https:\/\/www.thomas-seliger.de\/index.php?rest_route=%2Fwp%2Fv2%2Fmedia&parent=2026"}],"curies":[{"name":"wp","href":"https:\/\/api.w.org\/{rel}","templated":true}]}}