{"id":152,"date":"2013-01-27T20:37:40","date_gmt":"2013-01-27T19:37:40","guid":{"rendered":"http:\/\/www.thomas-seliger.de\/?page_id=152"},"modified":"2016-06-17T07:59:17","modified_gmt":"2016-06-17T06:59:17","slug":"uber-mich","status":"publish","type":"page","link":"https:\/\/www.thomas-seliger.de\/?page_id=152","title":{"rendered":"\u00dcber mich"},"content":{"rendered":"<figure id=\"attachment_1466\" aria-describedby=\"caption-attachment-1466\" style=\"width: 660px\" class=\"wp-caption alignleft\"><img loading=\"lazy\" decoding=\"async\" class=\"size-large wp-image-1466\" src=\"https:\/\/www.thomas-seliger.de\/wp-content\/uploads\/2016\/06\/BEA_2121-1024x530.jpg\" alt=\"Portrait\" width=\"660\" height=\"342\" srcset=\"https:\/\/www.thomas-seliger.de\/wp-content\/uploads\/2016\/06\/BEA_2121-1024x530.jpg 1024w, https:\/\/www.thomas-seliger.de\/wp-content\/uploads\/2016\/06\/BEA_2121-300x155.jpg 300w, https:\/\/www.thomas-seliger.de\/wp-content\/uploads\/2016\/06\/BEA_2121-768x397.jpg 768w, https:\/\/www.thomas-seliger.de\/wp-content\/uploads\/2016\/06\/BEA_2121-700x362.jpg 700w, https:\/\/www.thomas-seliger.de\/wp-content\/uploads\/2016\/06\/BEA_2121.jpg 1140w\" sizes=\"auto, (max-width: 660px) 100vw, 660px\" \/><figcaption id=\"caption-attachment-1466\" class=\"wp-caption-text\">Fotografieren Mai 2016 auf Borkum (\u00a9 Beatrice Hensel)<\/figcaption><\/figure>\n<p>Neugierig, wer ich bin? Eigentlich sollten die Bilder und Informationen auf dieser Webseite f\u00fcr sich sprechen, aber vielleicht soviel:<\/p>\n<p>Anfang der 1970&#8242; geboren und aufgewachsen im wundersch\u00f6nen Bad Muskau, studiert in Chemnitz und nun beruflich in Bonn &amp; Berlin\u00a0t\u00e4tig.<\/p>\n<p>Studium der Informatik an der Technischen Universit\u00e4t Chemnitz (Spezialisierung Datenverwaltungssysteme). Daneben freiberuflich mit der Planung und Realisierung von Informations- und Telekommunikationssystemen besch\u00e4ftigt gewesen.<\/p>\n<p>Beruflicher Start bei einem Ingenieurdienstleister &#8211; haupts\u00e4chlich f\u00fcr einen gro\u00dfen deutschen Automobilhersteller t\u00e4tig, dann 2003 Wechsel des Verkehrstr\u00e4gers &#8211; von der Stra\u00dfe zur Schiene. 2011 Wechsel in den Kultursektor.<\/p>\n<p>Private Bet\u00e4tigungsfelder sind, soweit es Familie &amp; Zeit erlauben, die Fotografie, die Luftfahrt und das Reisen.<\/p>\n","protected":false},"excerpt":{"rendered":"<p>Neugierig, wer ich bin? Eigentlich sollten die Bilder und Informationen auf dieser Webseite f\u00fcr sich sprechen, aber vielleicht soviel: Anfang der 1970&#8242; geboren und aufgewachsen im wundersch\u00f6nen Bad Muskau, studiert in Chemnitz und nun beruflich in Bonn &amp; Berlin\u00a0t\u00e4tig. Studium der Informatik an der Technischen Universit\u00e4t Chemnitz (Spezialisierung Datenverwaltungssysteme). Daneben &#8230;<\/p>\n","protected":false},"author":2,"featured_media":0,"parent":0,"menu_order":90,"comment_status":"closed","ping_status":"open","template":"","meta":{"ngg_post_thumbnail":0,"footnotes":""},"class_list":["post-152","page","type-page","status-publish","hentry","column","threecol"],"_links":{"self":[{"href":"https:\/\/www.thomas-seliger.de\/index.php?rest_route=\/wp\/v2\/pages\/152","targetHints":{"allow":["GET"]}}],"collection":[{"href":"https:\/\/www.thomas-seliger.de\/index.php?rest_route=\/wp\/v2\/pages"}],"about":[{"href":"https:\/\/www.thomas-seliger.de\/index.php?rest_route=\/wp\/v2\/types\/page"}],"author":[{"embeddable":true,"href":"https:\/\/www.thomas-seliger.de\/index.php?rest_route=\/wp\/v2\/users\/2"}],"replies":[{"embeddable":true,"href":"https:\/\/www.thomas-seliger.de\/index.php?rest_route=%2Fwp%2Fv2%2Fcomments&post=152"}],"version-history":[{"count":21,"href":"https:\/\/www.thomas-seliger.de\/index.php?rest_route=\/wp\/v2\/pages\/152\/revisions"}],"predecessor-version":[{"id":1481,"href":"https:\/\/www.thomas-seliger.de\/index.php?rest_route=\/wp\/v2\/pages\/152\/revisions\/1481"}],"wp:attachment":[{"href":"https:\/\/www.thomas-seliger.de\/index.php?rest_route=%2Fwp%2Fv2%2Fmedia&parent=152"}],"curies":[{"name":"wp","href":"https:\/\/api.w.org\/{rel}","templated":true}]}}